{"id":13179,"date":"2025-06-13T10:13:43","date_gmt":"2025-06-13T08:13:43","guid":{"rendered":"https:\/\/divaircity.eu\/le-documentaire\/"},"modified":"2025-08-26T16:24:31","modified_gmt":"2025-08-26T14:24:31","slug":"le-documentaire","status":"publish","type":"page","link":"https:\/\/divaircity.eu\/fr\/le-documentaire\/","title":{"rendered":"Le documentaire"},"content":{"rendered":"\t\t<div data-elementor-type=\"wp-page\" data-elementor-id=\"13179\" class=\"elementor elementor-13179 elementor-13151\" data-elementor-post-type=\"page\">\n\t\t\t\t<div class=\"elementor-element elementor-element-25a2fde e-flex e-con-boxed e-con e-parent\" data-id=\"25a2fde\" data-element_type=\"container\" data-e-type=\"container\">\n\t\t\t\t\t<div class=\"e-con-inner\">\n\t\t\t\t<div class=\"elementor-element elementor-element-fa5eae8 elementor-widget elementor-widget-heading\" data-id=\"fa5eae8\" data-element_type=\"widget\" data-e-type=\"widget\" data-widget_type=\"heading.default\">\n\t\t\t\t<div class=\"elementor-widget-container\">\n\t\t\t\t\t<h2 class=\"elementor-heading-title elementor-size-default\">R\u00e9inventer sa ville<\/h2>\t\t\t\t<\/div>\n\t\t\t\t<\/div>\n\t\t\t\t<div class=\"elementor-element elementor-element-17d942f elementor-widget elementor-widget-text-editor\" data-id=\"17d942f\" data-element_type=\"widget\" data-e-type=\"widget\" data-widget_type=\"text-editor.default\">\n\t\t\t\t<div class=\"elementor-widget-container\">\n\t\t\t\t\t\t\t\t\t<p>En 2050, plus de la moiti\u00e9 de la population mondiale vivra en ville. Ces m\u00e9tropoles, responsables de 70% des \u00e9missions plan\u00e9taires de gaz \u00e0 effet de serre, sont au c\u0153ur du d\u00e9fi climatique. En Europe, des solutions innovantes \u00e9mergent. Plusieurs villes ont pris les devants en collaborant directement avec les citoyens les plus vuln\u00e9rables : femmes, personnes en situation de handicap, enfants et personnes \u00e2g\u00e9es. Ensemble, ils ont pu exprimer leurs besoins et travailler main dans la main avec les autorit\u00e9s pour trouver des solutions durables et inclusives, am\u00e9liorant ainsi la qualit\u00e9 de l&rsquo;air mais aussi de la vie en ville.    <\/p>\t\t\t\t\t\t\t\t<\/div>\n\t\t\t\t<\/div>\n\t\t<div class=\"elementor-element elementor-element-217c224 e-grid e-con-full e-con e-child\" data-id=\"217c224\" data-element_type=\"container\" data-e-type=\"container\">\n\t\t\t\t<div class=\"elementor-element elementor-element-abc63e6 elementor-widget elementor-widget-heading\" data-id=\"abc63e6\" data-element_type=\"widget\" data-e-type=\"widget\" data-widget_type=\"heading.default\">\n\t\t\t\t<div class=\"elementor-widget-container\">\n\t\t\t\t\t<h3 class=\"elementor-heading-title elementor-size-default\">  52' - Belgique - 2025 - FR \/ ST : FR\/EN<\/h3>\t\t\t\t<\/div>\n\t\t\t\t<\/div>\n\t\t\t\t<div class=\"elementor-element elementor-element-5618cd4 elementor-widget elementor-widget-text-editor\" data-id=\"5618cd4\" data-element_type=\"widget\" data-e-type=\"widget\" data-widget_type=\"text-editor.default\">\n\t\t\t\t<div class=\"elementor-widget-container\">\n\t\t\t\t\t\t\t\t\t<p>R\u00c9ALISATION &amp; R\u00c9DACTION : Douglas Meunier<br>PHOTOGRAPHIE : Thibault Doens<br>\u00c9DITION : Douglas Meunier<br>DISTRIBUTEUR : RTBF<br>PRODUCTEURS : RTBF \/ DivAirCity \/ EU<\/p>\t\t\t\t\t\t\t\t<\/div>\n\t\t\t\t<\/div>\n\t\t\t\t<\/div>\n\t\t<div class=\"elementor-element elementor-element-985edc5 e-con-full e-flex e-con e-child\" data-id=\"985edc5\" data-element_type=\"container\" data-e-type=\"container\" data-settings=\"{&quot;background_background&quot;:&quot;classic&quot;}\">\n\t\t\t\t<div class=\"elementor-element elementor-element-5125afd elementor-widget elementor-widget-video\" data-id=\"5125afd\" data-element_type=\"widget\" data-e-type=\"widget\" data-settings=\"{&quot;youtube_url&quot;:&quot;https:\\\/\\\/www.youtube.com\\\/embed\\\/dRHvJkPwDSc&quot;,&quot;show_image_overlay&quot;:&quot;yes&quot;,&quot;image_overlay&quot;:{&quot;url&quot;:&quot;https:\\\/\\\/divaircity.eu\\\/wp-content\\\/uploads\\\/2025\\\/06\\\/PhDivAirCity_Documentary.webp&quot;,&quot;id&quot;:13154,&quot;size&quot;:&quot;&quot;,&quot;alt&quot;:&quot;&quot;,&quot;source&quot;:&quot;library&quot;},&quot;video_type&quot;:&quot;youtube&quot;,&quot;controls&quot;:&quot;yes&quot;}\" data-widget_type=\"video.default\">\n\t\t\t\t<div class=\"elementor-widget-container\">\n\t\t\t\t\t\t\t<div class=\"elementor-wrapper elementor-open-inline\">\n\t\t\t<div class=\"elementor-video\"><\/div>\t\t\t\t<div class=\"elementor-custom-embed-image-overlay\" style=\"background-image: url(https:\/\/divaircity.eu\/wp-content\/uploads\/2025\/06\/PhDivAirCity_Documentary.webp);\">\n\t\t\t\t\t\t\t\t\t\t\t\t\t\t\t\t<div class=\"elementor-custom-embed-play\" role=\"button\" aria-label=\"Lire la vid\u00e9o\" tabindex=\"0\">\n\t\t\t\t\t\t\t<i aria-hidden=\"true\" class=\"fas fa-play-circle\"><\/i>\t\t\t\t\t\t<\/div>\n\t\t\t\t\t\t\t\t\t<\/div>\n\t\t\t\t\t<\/div>\n\t\t\t\t\t\t<\/div>\n\t\t\t\t<\/div>\n\t\t\t\t<div class=\"elementor-element elementor-element-4ffeef0 elementor-widget elementor-widget-n-accordion\" data-id=\"4ffeef0\" data-element_type=\"widget\" data-e-type=\"widget\" data-settings=\"{&quot;default_state&quot;:&quot;all_collapsed&quot;,&quot;max_items_expended&quot;:&quot;one&quot;,&quot;n_accordion_animation_duration&quot;:{&quot;unit&quot;:&quot;ms&quot;,&quot;size&quot;:400,&quot;sizes&quot;:[]}}\" data-widget_type=\"nested-accordion.default\">\n\t\t\t\t<div class=\"elementor-widget-container\">\n\t\t\t\t\t\t\t<div class=\"e-n-accordion\" aria-label=\"Accordion. Open links with Enter or Space, close with Escape, and navigate with Arrow Keys\">\n\t\t\t\t\t\t<details id=\"e-n-accordion-item-8380\" class=\"e-n-accordion-item\" >\n\t\t\t\t<summary class=\"e-n-accordion-item-title\" data-accordion-index=\"1\" tabindex=\"0\" aria-expanded=\"false\" aria-controls=\"e-n-accordion-item-8380\" >\n\t\t\t\t\t<span class='e-n-accordion-item-title-header'><div class=\"e-n-accordion-item-title-text\"> Activer les sous-titres en allemand, anglais, danois, espagnol, fran\u00e7ais, grec, italien ou roumain ? <\/div><\/span>\n\t\t\t\t\t\t\t<span class='e-n-accordion-item-title-icon'>\n\t\t\t<span class='e-opened' ><i aria-hidden=\"true\" class=\"fas fa-minus\"><\/i><\/span>\n\t\t\t<span class='e-closed'><i aria-hidden=\"true\" class=\"fas fa-plus\"><\/i><\/span>\n\t\t<\/span>\n\n\t\t\t\t\t\t<\/summary>\n\t\t\t\t<div role=\"region\" aria-labelledby=\"e-n-accordion-item-8380\" class=\"elementor-element elementor-element-4a99fca e-con-full e-flex e-con e-child\" data-id=\"4a99fca\" data-element_type=\"container\" data-e-type=\"container\">\n\t\t\t\t<div class=\"elementor-element elementor-element-4fdde49 elementor-widget elementor-widget-text-editor\" data-id=\"4fdde49\" data-element_type=\"widget\" data-e-type=\"widget\" data-widget_type=\"text-editor.default\">\n\t\t\t\t<div class=\"elementor-widget-container\">\n\t\t\t\t\t\t\t\t\t<ol><li>Dans la barre de contr\u00f4le inf\u00e9rieure, activez les sous-titres<br \/><p><img decoding=\"async\" class=\"alignnone size-full wp-image-13741\" src=\"https:\/\/divaircity.eu\/wp-content\/uploads\/2025\/08\/subs.png\" alt=\"\" width=\"1213\" height=\"39\" srcset=\"https:\/\/divaircity.eu\/wp-content\/uploads\/2025\/08\/subs.png 1213w, https:\/\/divaircity.eu\/wp-content\/uploads\/2025\/08\/subs-300x10.png 300w, https:\/\/divaircity.eu\/wp-content\/uploads\/2025\/08\/subs-1024x33.png 1024w, https:\/\/divaircity.eu\/wp-content\/uploads\/2025\/08\/subs-768x25.png 768w\" sizes=\"(max-width: 1213px) 100vw, 1213px\" \/><\/p><\/li><li>Sur l&rsquo;ic\u00f4ne des param\u00e8tres, choisissez la langue<br \/><p><img fetchpriority=\"high\" decoding=\"async\" class=\"alignnone size-full wp-image-13749\" src=\"https:\/\/divaircity.eu\/wp-content\/uploads\/2025\/08\/Language.png\" alt=\"\" width=\"359\" height=\"288\" srcset=\"https:\/\/divaircity.eu\/wp-content\/uploads\/2025\/08\/Language.png 359w, https:\/\/divaircity.eu\/wp-content\/uploads\/2025\/08\/Language-300x241.png 300w\" sizes=\"(max-width: 359px) 100vw, 359px\" \/><\/p><\/li><\/ol>\t\t\t\t\t\t\t\t<\/div>\n\t\t\t\t<\/div>\n\t\t\t\t<\/div>\n\t\t\t\t\t<\/details>\n\t\t\t\t\t<\/div>\n\t\t\t\t\t\t<\/div>\n\t\t\t\t<\/div>\n\t\t\t\t<\/div>\n\t\t\t\t\t<\/div>\n\t\t\t\t<\/div>\n\t\t\t\t<\/div>\n\t\t","protected":false},"excerpt":{"rendered":"<p>R\u00e9inventer sa ville En 2050, plus de la moiti\u00e9 de la population mondiale vivra en ville. Ces m\u00e9tropoles, responsables de 70% des \u00e9missions plan\u00e9taires de gaz \u00e0 effet de serre, sont au c\u0153ur du d\u00e9fi climatique. En Europe, des solutions innovantes \u00e9mergent. Plusieurs villes ont pris les devants en collaborant directement avec les citoyens les [&hellip;]<\/p>\n","protected":false},"author":1,"featured_media":0,"parent":0,"menu_order":0,"comment_status":"closed","ping_status":"closed","template":"","meta":{"_acf_changed":false,"footnotes":""},"class_list":["post-13179","page","type-page","status-publish","hentry"],"acf":[],"_links":{"self":[{"href":"https:\/\/divaircity.eu\/fr\/wp-json\/wp\/v2\/pages\/13179","targetHints":{"allow":["GET"]}}],"collection":[{"href":"https:\/\/divaircity.eu\/fr\/wp-json\/wp\/v2\/pages"}],"about":[{"href":"https:\/\/divaircity.eu\/fr\/wp-json\/wp\/v2\/types\/page"}],"author":[{"embeddable":true,"href":"https:\/\/divaircity.eu\/fr\/wp-json\/wp\/v2\/users\/1"}],"replies":[{"embeddable":true,"href":"https:\/\/divaircity.eu\/fr\/wp-json\/wp\/v2\/comments?post=13179"}],"version-history":[{"count":12,"href":"https:\/\/divaircity.eu\/fr\/wp-json\/wp\/v2\/pages\/13179\/revisions"}],"predecessor-version":[{"id":13777,"href":"https:\/\/divaircity.eu\/fr\/wp-json\/wp\/v2\/pages\/13179\/revisions\/13777"}],"wp:attachment":[{"href":"https:\/\/divaircity.eu\/fr\/wp-json\/wp\/v2\/media?parent=13179"}],"curies":[{"name":"wp","href":"https:\/\/api.w.org\/{rel}","templated":true}]}}