{"id":2085,"date":"2021-12-30T19:50:45","date_gmt":"2021-12-30T18:50:45","guid":{"rendered":"https:\/\/divaircity.eu\/politique-en-matiere-de-cookies\/"},"modified":"2023-04-06T12:50:14","modified_gmt":"2023-04-06T10:50:14","slug":"politique-en-matiere-de-cookies","status":"publish","type":"page","link":"https:\/\/divaircity.eu\/fr\/politique-en-matiere-de-cookies\/","title":{"rendered":"Politique en mati\u00e8re de cookies"},"content":{"rendered":"\t\t<div data-elementor-type=\"wp-page\" data-elementor-id=\"2085\" class=\"elementor elementor-2085 elementor-1670\" data-elementor-post-type=\"page\">\n\t\t\t\t\t\t<section class=\"elementor-section elementor-top-section elementor-element elementor-element-228edb7f elementor-section-boxed elementor-section-height-default elementor-section-height-default\" data-id=\"228edb7f\" data-element_type=\"section\" data-e-type=\"section\">\n\t\t\t\t\t\t<div class=\"elementor-container elementor-column-gap-default\">\n\t\t\t\t\t<div class=\"elementor-column elementor-col-100 elementor-top-column elementor-element elementor-element-3a1e37d0\" data-id=\"3a1e37d0\" data-element_type=\"column\" data-e-type=\"column\">\n\t\t\t<div class=\"elementor-widget-wrap elementor-element-populated\">\n\t\t\t\t\t\t<div class=\"elementor-element elementor-element-6f73b65a elementor-widget elementor-widget-text-editor\" data-id=\"6f73b65a\" data-element_type=\"widget\" data-e-type=\"widget\" data-widget_type=\"text-editor.default\">\n\t\t\t\t<div class=\"elementor-widget-container\">\n\t\t\t\t\t\t\t\t\t<p class=\"p1\"><strong>A propos de notre politique en mati\u00e8re de cookies<\/strong><\/p>\n<p class=\"p1\">Cette politique en mati\u00e8re de cookies explique ce que sont les cookies et comment nous les utilisons, les types de cookies que nous utilisons, c&rsquo;est-\u00e0-dire les informations que nous collectons \u00e0 l&rsquo;aide de cookies et comment ces informations sont utilis\u00e9es, et comment il est possible de g\u00e9rer les pr\u00e9f\u00e9rences des cookies. Pour plus d&rsquo;informations sur la mani\u00e8re dont nous utilisons, stockons et prot\u00e9geons vos donn\u00e9es personnelles, consultez notre Politique de confidentialit\u00e9.<\/p>\n<p class=\"p2\">Vous pouvez \u00e0 tout moment modifier ou retirer votre consentement \u00e0 la d\u00e9claration relative aux cookies sur notre site Web<\/p>\n<p class=\"p2\">Apprenez-en plus sur qui nous sommes, comment vous pouvez nous contacter et comment nous traitons les donn\u00e9es personnelles dans notre politique de confidentialit\u00e9.<\/p>\n<p class=\"p2\">Votre consentement s&rsquo;applique aux domaines suivants : divaircity.eu<br \/>\n<div class=\"cli_user_consent_state\">Votre \u00e9tat actuel\u00a0: Aucun consentement donn\u00e9. <a class=\"cli_manage_current_consent\" style=\"cursor:pointer;text-decoration:underline;\">G\u00e9rez votre consentement.<\/a> <\/div><\/p>\n<p class=\"p1\"><strong>Que sont les cookies ?<\/strong><\/p>\n<p class=\"p1\">Les cookies sont de petits fichiers textuels utilis\u00e9s pour stocker des informations succinctes. Ils sont stock\u00e9s sur votre appareil lorsque le site Web est charg\u00e9 sur votre navigateur. Ces fichiers nous aident \u00e0 faire fonctionner correctement notre site Web, \u00e0 le rendre plus s\u00e9curis\u00e9, \u00e0 offrir une meilleure exp\u00e9rience utilisateur, \u00e0 comprendre comment le site Web fonctionne et \u00e0 analyser ce qui fonctionne et o\u00f9 il doit \u00eatre am\u00e9lior\u00e9.<\/p>\n<p class=\"p1\"><strong>Comment utilisons-nous les cookies ?<\/strong><\/p>\n<p class=\"p2\">Comme la plupart des services en ligne, notre site Web utilise \u00e0 plusieurs fins des cookies propri\u00e9taires et tiers. Les cookies propri\u00e9taires sont principalement n\u00e9cessaires au bon fonctionnement du site Web et ne collectent aucune de vos donn\u00e9es personnelles identifiables.<\/p>\n<p class=\"p2\">Les cookies tiers utilis\u00e9s sur notre site Web servent principalement \u00e0 comprendre le fonctionnement du site Web, la fa\u00e7on dont vous interagissez avec notre site Web, \u00e0 assurer la s\u00e9curit\u00e9 de nos services, \u00e0 fournir des publicit\u00e9s pertinentes pour vous et, dans l&rsquo;ensemble, \u00e0 vous fournir une exp\u00e9rience utilisateur am\u00e9lior\u00e9e et aider \u00e0 acc\u00e9l\u00e9rer vos futures interactions avec notre site Web.<\/p>\n<p class=\"p2\"><strong>Quels types de cookies utilisons-nous ?<\/strong><\/p>\n<p class=\"p2\">Essentiels : certains cookies sont essentiels pour que vous puissiez profiter de toutes les fonctionnalit\u00e9s de notre site. Ils nous permettent de maintenir les sessions des utilisateurs et de pr\u00e9venir toute menace de s\u00e9curit\u00e9. Ils ne collectent ni ne stockent aucune information personnelle. Par exemple, ces cookies vous permettent de vous connecter \u00e0 votre compte et d&rsquo;ajouter des produits \u00e0 votre panier, et, sur certains sites web, de payer en toute s\u00e9curit\u00e9.<\/p>\n<p class=\"p2\">Statistiques : ces cookies stockent des informations telles que le nombre de visiteurs sur le site Web, le nombre de visiteurs uniques, les pages du site Web qui ont \u00e9t\u00e9 visit\u00e9es, la source de la visite, etc. Ces donn\u00e9es nous aident \u00e0 comprendre et \u00e0 analyser les performances du site Web et o\u00f9 il doit \u00eatre am\u00e9lior\u00e9.<\/p>\n<p class=\"p2\">Marketing : notre site web affiche des publicit\u00e9s. Ces cookies sont utilis\u00e9s pour personnaliser les publicit\u00e9s que nous vous montrons afin qu&rsquo;elles soient significatives pour vous. Ces cookies nous aident \u00e9galement \u00e0 suivre l&rsquo;efficacit\u00e9 de ces campagnes publicitaires.<\/p>\n<p class=\"p2\">Les informations stock\u00e9es dans ces cookies peuvent \u00e9galement \u00eatre utilis\u00e9es par les fournisseurs de publicit\u00e9 tiers pour vous montrer \u00e9galement des publicit\u00e9s sur d&rsquo;autres sites web sur le navigateur.<\/p>\n<p class=\"p2\">Fonctionnels : ce sont les cookies qui aident certaines fonctionnalit\u00e9s non essentielles sur notre site web. Ces fonctionnalit\u00e9s incluent l&rsquo;int\u00e9gration de contenu comme des vid\u00e9os ou le partage des contenus du site Web sur des plateformes de m\u00e9dias sociaux.<\/p>\n<p class=\"p2\">Pr\u00e9f\u00e9rences : ces cookies nous aident \u00e0 stocker vos param\u00e8tres et vos pr\u00e9f\u00e9rences de navigation, comme les pr\u00e9f\u00e9rences linguistiques, afin que vous ayez une exp\u00e9rience meilleure et efficace lors de vos prochaines visites sur le site Web.<\/p>\n<p class=\"p2\"><p>The below list details the cookies used in our website.<\/p><table class=\"cookielawinfo-row-cat-table cookielawinfo-classic\"><thead><tr><th class=\"cookielawinfo-column-1\">Cookie<\/th><th class=\"cookielawinfo-column-4\">Description<\/th><\/tr><\/thead><tbody><tr class=\"cookielawinfo-row\"><td class=\"cookielawinfo-column-1\">_pk_id.1.90a9<\/td><td class=\"cookielawinfo-column-4\">No description<\/td><\/tr><tr class=\"cookielawinfo-row\"><td class=\"cookielawinfo-column-1\">_pk_ses.1.90a9<\/td><td class=\"cookielawinfo-column-4\">No description<\/td><\/tr><tr class=\"cookielawinfo-row\"><td class=\"cookielawinfo-column-1\">CONSENT<\/td><td class=\"cookielawinfo-column-4\">YouTube sets this cookie via embedded youtube-videos and registers anonymous statistical data.<\/td><\/tr><tr class=\"cookielawinfo-row\"><td class=\"cookielawinfo-column-1\">cookielawinfo-checkbox-advertisement<\/td><td class=\"cookielawinfo-column-4\">Set by the GDPR Cookie Consent plugin, this cookie is used to record the user consent for the cookies in the \u00ab\u00a0Advertisement\u00a0\u00bb category .<\/td><\/tr><tr class=\"cookielawinfo-row\"><td class=\"cookielawinfo-column-1\">cookielawinfo-checkbox-analytics<\/td><td class=\"cookielawinfo-column-4\">This cookie is set by GDPR Cookie Consent plugin. The cookie is used to store the user consent for the cookies in the category \u00ab\u00a0Analytics\u00a0\u00bb.<\/td><\/tr><tr class=\"cookielawinfo-row\"><td class=\"cookielawinfo-column-1\">cookielawinfo-checkbox-functional<\/td><td class=\"cookielawinfo-column-4\">The cookie is set by GDPR cookie consent to record the user consent for the cookies in the category \u00ab\u00a0Functional\u00a0\u00bb.<\/td><\/tr><tr class=\"cookielawinfo-row\"><td class=\"cookielawinfo-column-1\">cookielawinfo-checkbox-necessary<\/td><td class=\"cookielawinfo-column-4\">This cookie is set by GDPR Cookie Consent plugin. The cookies is used to store the user consent for the cookies in the category \u00ab\u00a0Necessary\u00a0\u00bb.<\/td><\/tr><tr class=\"cookielawinfo-row\"><td class=\"cookielawinfo-column-1\">cookielawinfo-checkbox-others<\/td><td class=\"cookielawinfo-column-4\">This cookie is set by GDPR Cookie Consent plugin. The cookie is used to store the user consent for the cookies in the category \u00ab\u00a0Other.<\/td><\/tr><tr class=\"cookielawinfo-row\"><td class=\"cookielawinfo-column-1\">cookielawinfo-checkbox-performance<\/td><td class=\"cookielawinfo-column-4\">This cookie is set by GDPR Cookie Consent plugin. The cookie is used to store the user consent for the cookies in the category \u00ab\u00a0Performance\u00a0\u00bb.<\/td><\/tr><tr class=\"cookielawinfo-row\"><td class=\"cookielawinfo-column-1\">elementor<\/td><td class=\"cookielawinfo-column-4\">This cookie is used by the website&rsquo;s WordPress theme. It allows the website owner to implement or change the website&rsquo;s content in real-time.<\/td><\/tr><tr class=\"cookielawinfo-row\"><td class=\"cookielawinfo-column-1\">viewed_cookie_policy<\/td><td class=\"cookielawinfo-column-4\">The cookie is set by the GDPR Cookie Consent plugin and is used to store whether or not user has consented to the use of cookies. It does not store any personal data.<\/td><\/tr><tr class=\"cookielawinfo-row\"><td class=\"cookielawinfo-column-1\">VISITOR_INFO1_LIVE<\/td><td class=\"cookielawinfo-column-4\">A cookie set by YouTube to measure bandwidth that determines whether the user gets the new or old player interface.<\/td><\/tr><tr class=\"cookielawinfo-row\"><td class=\"cookielawinfo-column-1\">YSC<\/td><td class=\"cookielawinfo-column-4\">YSC cookie is set by Youtube and is used to track the views of embedded videos on Youtube pages.<\/td><\/tr><tr class=\"cookielawinfo-row\"><td class=\"cookielawinfo-column-1\">yt-remote-connected-devices<\/td><td class=\"cookielawinfo-column-4\">YouTube sets this cookie to store the video preferences of the user using embedded YouTube video.<\/td><\/tr><tr class=\"cookielawinfo-row\"><td class=\"cookielawinfo-column-1\">yt-remote-device-id<\/td><td class=\"cookielawinfo-column-4\">YouTube sets this cookie to store the video preferences of the user using embedded YouTube video.<\/td><\/tr><\/tbody><\/table><\/p>\n<p class=\"p1\"><strong>Comment puis-je contr\u00f4ler les pr\u00e9f\u00e9rences en mati\u00e8re de cookies ?<\/strong><\/p>\n<p class=\"p1\">Si vous d\u00e9cidez de modifier vos pr\u00e9f\u00e9rences ult\u00e9rieurement au cours de votre session de navigation, vous pouvez cliquer sur l&rsquo;onglet \u00ab Politique de confidentialit\u00e9 et de cookies \u00bb sur votre \u00e9cran. Cela affichera \u00e0 nouveau l&rsquo;avis de consentement vous permettant de modifier vos pr\u00e9f\u00e9rences ou de retirer enti\u00e8rement votre consentement.<\/p>\n<p class=\"p1\">En plus de cela, diff\u00e9rents navigateurs proposent diff\u00e9rentes m\u00e9thodes pour bloquer et supprimer les cookies utilis\u00e9s par les sites Web. Vous pouvez modifier les param\u00e8tres de votre navigateur pour bloquer\/supprimer les cookies. Pour en savoir plus sur la gestion et la suppression des cookies, visitez wikipedia.org, www.allaboutcookies.org.<\/p>\n\t\t\t\t\t\t\t\t<\/div>\n\t\t\t\t<\/div>\n\t\t\t\t\t<\/div>\n\t\t<\/div>\n\t\t\t\t\t<\/div>\n\t\t<\/section>\n\t\t\t\t<\/div>\n\t\t","protected":false},"excerpt":{"rendered":"<p>A propos de notre politique en mati\u00e8re de cookies Cette politique en mati\u00e8re de cookies explique ce que sont les cookies et comment nous les utilisons, les types de cookies que nous utilisons, c&rsquo;est-\u00e0-dire les informations que nous collectons \u00e0 l&rsquo;aide de cookies et comment ces informations sont utilis\u00e9es, et comment il est possible de [&hellip;]<\/p>\n","protected":false},"author":1,"featured_media":0,"parent":0,"menu_order":0,"comment_status":"closed","ping_status":"closed","template":"","meta":{"_acf_changed":false,"footnotes":""},"class_list":["post-2085","page","type-page","status-publish","hentry"],"acf":[],"_links":{"self":[{"href":"https:\/\/divaircity.eu\/fr\/wp-json\/wp\/v2\/pages\/2085","targetHints":{"allow":["GET"]}}],"collection":[{"href":"https:\/\/divaircity.eu\/fr\/wp-json\/wp\/v2\/pages"}],"about":[{"href":"https:\/\/divaircity.eu\/fr\/wp-json\/wp\/v2\/types\/page"}],"author":[{"embeddable":true,"href":"https:\/\/divaircity.eu\/fr\/wp-json\/wp\/v2\/users\/1"}],"replies":[{"embeddable":true,"href":"https:\/\/divaircity.eu\/fr\/wp-json\/wp\/v2\/comments?post=2085"}],"version-history":[{"count":0,"href":"https:\/\/divaircity.eu\/fr\/wp-json\/wp\/v2\/pages\/2085\/revisions"}],"wp:attachment":[{"href":"https:\/\/divaircity.eu\/fr\/wp-json\/wp\/v2\/media?parent=2085"}],"curies":[{"name":"wp","href":"https:\/\/api.w.org\/{rel}","templated":true}]}}