{"id":13187,"date":"2025-06-13T10:13:43","date_gmt":"2025-06-13T08:13:43","guid":{"rendered":"https:\/\/divaircity.eu\/il-documentario\/"},"modified":"2025-08-26T16:27:25","modified_gmt":"2025-08-26T14:27:25","slug":"il-documentario","status":"publish","type":"page","link":"https:\/\/divaircity.eu\/it\/il-documentario\/","title":{"rendered":"Il documentario"},"content":{"rendered":"\t\t<div data-elementor-type=\"wp-page\" data-elementor-id=\"13187\" class=\"elementor elementor-13187 elementor-13151\" data-elementor-post-type=\"page\">\n\t\t\t\t<div class=\"elementor-element elementor-element-25a2fde e-flex e-con-boxed e-con e-parent\" data-id=\"25a2fde\" data-element_type=\"container\" data-e-type=\"container\">\n\t\t\t\t\t<div class=\"e-con-inner\">\n\t\t\t\t<div class=\"elementor-element elementor-element-fa5eae8 elementor-widget elementor-widget-heading\" data-id=\"fa5eae8\" data-element_type=\"widget\" data-e-type=\"widget\" data-widget_type=\"heading.default\">\n\t\t\t\t<div class=\"elementor-widget-container\">\n\t\t\t\t\t<h2 class=\"elementor-heading-title elementor-size-default\">Ripensare la citt\u00e0<\/h2>\t\t\t\t<\/div>\n\t\t\t\t<\/div>\n\t\t\t\t<div class=\"elementor-element elementor-element-17d942f elementor-widget elementor-widget-text-editor\" data-id=\"17d942f\" data-element_type=\"widget\" data-e-type=\"widget\" data-widget_type=\"text-editor.default\">\n\t\t\t\t<div class=\"elementor-widget-container\">\n\t\t\t\t\t\t\t\t\t<p>Entro il 2050, pi\u00f9 della met\u00e0 della popolazione mondiale vivr\u00e0 nelle citt\u00e0. Queste aree urbane, responsabili del 70% delle emissioni globali di gas serra, sono al centro della sfida climatica. In Europa stanno emergendo soluzioni innovative. Diverse citt\u00e0 hanno preso l \u201ciniziativa lavorando direttamente con i cittadini pi\u00f9 vulnerabili: donne, persone con disabilit\u00e0, bambini e anziani. Insieme, sono riusciti a dare voce alle loro esigenze e a collaborare strettamente con le autorit\u00e0 per trovare soluzioni sostenibili e inclusive, migliorando cos\u00ec non solo la qualit\u00e0 dell\u201d aria ma anche la vita urbana nel suo complesso.    <\/p>\t\t\t\t\t\t\t\t<\/div>\n\t\t\t\t<\/div>\n\t\t<div class=\"elementor-element elementor-element-217c224 e-grid e-con-full e-con e-child\" data-id=\"217c224\" data-element_type=\"container\" data-e-type=\"container\">\n\t\t\t\t<div class=\"elementor-element elementor-element-abc63e6 elementor-widget elementor-widget-heading\" data-id=\"abc63e6\" data-element_type=\"widget\" data-e-type=\"widget\" data-widget_type=\"heading.default\">\n\t\t\t\t<div class=\"elementor-widget-container\">\n\t\t\t\t\t<h3 class=\"elementor-heading-title elementor-size-default\">  52' - Belgio - 2025 - FR \/ ST : FR\/EN<\/h3>\t\t\t\t<\/div>\n\t\t\t\t<\/div>\n\t\t\t\t<div class=\"elementor-element elementor-element-5618cd4 elementor-widget elementor-widget-text-editor\" data-id=\"5618cd4\" data-element_type=\"widget\" data-e-type=\"widget\" data-widget_type=\"text-editor.default\">\n\t\t\t\t<div class=\"elementor-widget-container\">\n\t\t\t\t\t\t\t\t\t<p>REGISTA E SCRITTORE: Douglas Meunier<br>FOTOGRAFIA: Thibault Doens<br>EDITING: Douglas Meunier<br>DISTRIBUTORE: RTBF<br>PRODUTTORI: RTBF \/ DivAirCity \/ EU<\/p>\t\t\t\t\t\t\t\t<\/div>\n\t\t\t\t<\/div>\n\t\t\t\t<\/div>\n\t\t<div class=\"elementor-element elementor-element-1f4e0bc e-con-full e-flex e-con e-child\" data-id=\"1f4e0bc\" data-element_type=\"container\" data-e-type=\"container\" data-settings=\"{&quot;background_background&quot;:&quot;classic&quot;}\">\n\t\t\t\t<div class=\"elementor-element elementor-element-86c7b2b elementor-widget elementor-widget-video\" data-id=\"86c7b2b\" data-element_type=\"widget\" data-e-type=\"widget\" data-settings=\"{&quot;youtube_url&quot;:&quot;https:\\\/\\\/www.youtube.com\\\/embed\\\/dRHvJkPwDSc&quot;,&quot;show_image_overlay&quot;:&quot;yes&quot;,&quot;image_overlay&quot;:{&quot;url&quot;:&quot;https:\\\/\\\/divaircity.eu\\\/wp-content\\\/uploads\\\/2025\\\/06\\\/PhDivAirCity_Documentary.webp&quot;,&quot;id&quot;:13157,&quot;size&quot;:&quot;&quot;,&quot;alt&quot;:&quot;&quot;,&quot;source&quot;:&quot;library&quot;},&quot;video_type&quot;:&quot;youtube&quot;,&quot;controls&quot;:&quot;yes&quot;}\" data-widget_type=\"video.default\">\n\t\t\t\t<div class=\"elementor-widget-container\">\n\t\t\t\t\t\t\t<div class=\"elementor-wrapper elementor-open-inline\">\n\t\t\t<div class=\"elementor-video\"><\/div>\t\t\t\t<div class=\"elementor-custom-embed-image-overlay\" style=\"background-image: url(https:\/\/divaircity.eu\/wp-content\/uploads\/2025\/06\/PhDivAirCity_Documentary.webp);\">\n\t\t\t\t\t\t\t\t\t\t\t\t\t\t\t\t<div class=\"elementor-custom-embed-play\" role=\"button\" aria-label=\"Riproduci video\" tabindex=\"0\">\n\t\t\t\t\t\t\t<i aria-hidden=\"true\" class=\"fas fa-play-circle\"><\/i>\t\t\t\t\t\t<\/div>\n\t\t\t\t\t\t\t\t\t<\/div>\n\t\t\t\t\t<\/div>\n\t\t\t\t\t\t<\/div>\n\t\t\t\t<\/div>\n\t\t\t\t<div class=\"elementor-element elementor-element-4417849 elementor-widget elementor-widget-n-accordion\" data-id=\"4417849\" data-element_type=\"widget\" data-e-type=\"widget\" data-settings=\"{&quot;default_state&quot;:&quot;all_collapsed&quot;,&quot;max_items_expended&quot;:&quot;one&quot;,&quot;n_accordion_animation_duration&quot;:{&quot;unit&quot;:&quot;ms&quot;,&quot;size&quot;:400,&quot;sizes&quot;:[]}}\" data-widget_type=\"nested-accordion.default\">\n\t\t\t\t<div class=\"elementor-widget-container\">\n\t\t\t\t\t\t\t<div class=\"e-n-accordion\" aria-label=\"Accordion. Open links with Enter or Space, close with Escape, and navigate with Arrow Keys\">\n\t\t\t\t\t\t<details id=\"e-n-accordion-item-7130\" class=\"e-n-accordion-item\" >\n\t\t\t\t<summary class=\"e-n-accordion-item-title\" data-accordion-index=\"1\" tabindex=\"0\" aria-expanded=\"false\" aria-controls=\"e-n-accordion-item-7130\" >\n\t\t\t\t\t<span class='e-n-accordion-item-title-header'><div class=\"e-n-accordion-item-title-text\"> Attivare i sottotitoli in danese, inglese, francese, tedesco, greco, italiano, rumeno o spagnolo? <\/div><\/span>\n\t\t\t\t\t\t\t<span class='e-n-accordion-item-title-icon'>\n\t\t\t<span class='e-opened' ><i aria-hidden=\"true\" class=\"fas fa-minus\"><\/i><\/span>\n\t\t\t<span class='e-closed'><i aria-hidden=\"true\" class=\"fas fa-plus\"><\/i><\/span>\n\t\t<\/span>\n\n\t\t\t\t\t\t<\/summary>\n\t\t\t\t<div role=\"region\" aria-labelledby=\"e-n-accordion-item-7130\" class=\"elementor-element elementor-element-1ac8137 e-con-full e-flex e-con e-child\" data-id=\"1ac8137\" data-element_type=\"container\" data-e-type=\"container\">\n\t\t\t\t<div class=\"elementor-element elementor-element-7b2b892 elementor-widget elementor-widget-text-editor\" data-id=\"7b2b892\" data-element_type=\"widget\" data-e-type=\"widget\" data-widget_type=\"text-editor.default\">\n\t\t\t\t<div class=\"elementor-widget-container\">\n\t\t\t\t\t\t\t\t\t<ol><li>Nella barra di controllo in basso, attiva i sottotitoli  <br><br><img decoding=\"async\" class=\"alignnone size-full wp-image-13741\" src=\"https:\/\/divaircity.eu\/wp-content\/uploads\/2025\/08\/subs.png\" alt=\"\" width=\"1213\" height=\"39\" srcset=\"https:\/\/divaircity.eu\/wp-content\/uploads\/2025\/08\/subs.png 1213w, https:\/\/divaircity.eu\/wp-content\/uploads\/2025\/08\/subs-300x10.png 300w, https:\/\/divaircity.eu\/wp-content\/uploads\/2025\/08\/subs-1024x33.png 1024w, https:\/\/divaircity.eu\/wp-content\/uploads\/2025\/08\/subs-768x25.png 768w\" sizes=\"(max-width: 1213px) 100vw, 1213px\" \/><\/li><li>Sull&#8217;icona delle impostazioni, scegli la lingua  <br><br><img fetchpriority=\"high\" decoding=\"async\" class=\"alignnone size-full wp-image-13749\" src=\"https:\/\/divaircity.eu\/wp-content\/uploads\/2025\/08\/Language.png\" alt=\"\" width=\"359\" height=\"288\" srcset=\"https:\/\/divaircity.eu\/wp-content\/uploads\/2025\/08\/Language.png 359w, https:\/\/divaircity.eu\/wp-content\/uploads\/2025\/08\/Language-300x241.png 300w\" sizes=\"(max-width: 359px) 100vw, 359px\" \/><\/li><\/ol>\t\t\t\t\t\t\t\t<\/div>\n\t\t\t\t<\/div>\n\t\t\t\t<\/div>\n\t\t\t\t\t<\/details>\n\t\t\t\t\t<\/div>\n\t\t\t\t\t\t<\/div>\n\t\t\t\t<\/div>\n\t\t\t\t<\/div>\n\t\t\t\t\t<\/div>\n\t\t\t\t<\/div>\n\t\t\t\t<\/div>\n\t\t","protected":false},"excerpt":{"rendered":"<p>Ripensare la citt\u00e0 Entro il 2050, pi\u00f9 della met\u00e0 della popolazione mondiale vivr\u00e0 nelle citt\u00e0. Queste aree urbane, responsabili del 70% delle emissioni globali di gas serra, sono al centro della sfida climatica. In Europa stanno emergendo soluzioni innovative. Diverse citt\u00e0 hanno preso l \u201ciniziativa lavorando direttamente con i cittadini pi\u00f9 vulnerabili: donne, persone con [&hellip;]<\/p>\n","protected":false},"author":1,"featured_media":0,"parent":0,"menu_order":0,"comment_status":"closed","ping_status":"closed","template":"","meta":{"_acf_changed":false,"footnotes":""},"class_list":["post-13187","page","type-page","status-publish","hentry"],"acf":[],"_links":{"self":[{"href":"https:\/\/divaircity.eu\/it\/wp-json\/wp\/v2\/pages\/13187","targetHints":{"allow":["GET"]}}],"collection":[{"href":"https:\/\/divaircity.eu\/it\/wp-json\/wp\/v2\/pages"}],"about":[{"href":"https:\/\/divaircity.eu\/it\/wp-json\/wp\/v2\/types\/page"}],"author":[{"embeddable":true,"href":"https:\/\/divaircity.eu\/it\/wp-json\/wp\/v2\/users\/1"}],"replies":[{"embeddable":true,"href":"https:\/\/divaircity.eu\/it\/wp-json\/wp\/v2\/comments?post=13187"}],"version-history":[{"count":2,"href":"https:\/\/divaircity.eu\/it\/wp-json\/wp\/v2\/pages\/13187\/revisions"}],"predecessor-version":[{"id":13781,"href":"https:\/\/divaircity.eu\/it\/wp-json\/wp\/v2\/pages\/13187\/revisions\/13781"}],"wp:attachment":[{"href":"https:\/\/divaircity.eu\/it\/wp-json\/wp\/v2\/media?parent=13187"}],"curies":[{"name":"wp","href":"https:\/\/api.w.org\/{rel}","templated":true}]}}